{"id":1272,"date":"2024-09-19T11:41:37","date_gmt":"2024-09-19T09:41:37","guid":{"rendered":"http:\/\/h2993000.stratoserver.net\/wp02\/?page_id=1272"},"modified":"2025-06-24T20:02:37","modified_gmt":"2025-06-24T18:02:37","slug":"aktuelles","status":"publish","type":"page","link":"https:\/\/www.hkw-kalkstein.de\/?page_id=1272","title":{"rendered":"Aktuelles"},"content":{"rendered":"<div id=\"pl-1272\"  class=\"panel-layout\" ><div id=\"pg-1272-0\"  class=\"panel-grid panel-has-style\" ><div class=\"siteorigin-panels-stretch panel-row-style panel-row-style-for-1272-0\" data-stretch-type=\"full\" ><div id=\"pgc-1272-0-0\"  class=\"panel-grid-cell\" ><div id=\"panel-1272-0-0-0\" class=\"so-panel widget widget_sow-headline panel-first-child panel-last-child\" data-index=\"0\" ><div\n\t\t\t\n\t\t\tclass=\"so-widget-sow-headline so-widget-sow-headline-default-296186120899-1272 so-widget-fittext-wrapper\"\n\t\t\t data-fit-text-compressor=\"0.85\"\n\t\t><div class=\"sow-headline-container \">\n\t\t\t\t\t\t\t<h1 class=\"sow-headline\">\n\t\t\t\t\t\t<strong>Aktuelles<\/strong>\t\t\t\t\t\t<\/h1>\n\t\t\t\t\t\t<\/div>\n<\/div><\/div><\/div><\/div><\/div><div id=\"pg-1272-1\"  class=\"panel-grid panel-has-style\" ><div class=\"siteorigin-panels-stretch panel-row-style panel-row-style-for-1272-1\" data-stretch-type=\"full-width-stretch\" ><div id=\"pgc-1272-1-0\"  class=\"panel-grid-cell\" ><div id=\"panel-1272-1-0-0\" class=\"so-panel widget widget_media_image panel-first-child\" data-index=\"1\" ><div class=\"panel-widget-style panel-widget-style-for-1272-1-0-0\" ><img loading=\"lazy\" decoding=\"async\" width=\"300\" height=\"150\" src=\"https:\/\/www.hkw-kalkstein.de\/wp-content\/uploads\/logo_kalkwerke_24-300x150.jpg\" class=\"image wp-image-1257  attachment-medium size-medium\" alt=\"\" style=\"max-width: 100%; height: auto;\" srcset=\"https:\/\/www.hkw-kalkstein.de\/wp-content\/uploads\/logo_kalkwerke_24-300x150.jpg 300w, https:\/\/www.hkw-kalkstein.de\/wp-content\/uploads\/logo_kalkwerke_24-768x384.jpg 768w, https:\/\/www.hkw-kalkstein.de\/wp-content\/uploads\/logo_kalkwerke_24-960x480.jpg 960w, https:\/\/www.hkw-kalkstein.de\/wp-content\/uploads\/logo_kalkwerke_24.jpg 1000w\" sizes=\"auto, (max-width: 300px) 100vw, 300px\" \/><\/div><\/div><div id=\"panel-1272-1-0-1\" class=\"so-panel widget widget_sow-editor panel-last-child\" data-index=\"2\" ><div\n\t\t\t\n\t\t\tclass=\"so-widget-sow-editor so-widget-sow-editor-base\"\n\t\t\t\n\t\t>\n<div class=\"siteorigin-widget-tinymce textwidget\">\n\t<p><strong>November-Dezember 2024<\/strong><\/p>\n<p>Bau und Inbetriebnahme der neuen Vorbrechanlage Typ Metso Nordberg C160&nbsp; (Backenbrecher).<\/p>\n<p>Unser Dank f\u00fcr die erfolgreiche Projektabwicklung gilt unseren Projektpartnern<\/p>\n<ul>\n<li>Gerwin Silotechnik GmbH, Beckum<\/li>\n<li>Metso Germany GmbH, D\u00fcsseldorf<\/li>\n<li>Haver &amp; Boecker Niagara, M\u00fcnster<\/li>\n<li>Elektro Brieden GmbH, Iserlohn<\/li>\n<\/ul>\n<p><span style=\"font-size: 12pt;\">sowie unserem HKW-Team der Abteilung Industriemechanik.<\/span><\/p>\nngg_shortcode_0_placeholder\n<hr \/>\n<p><span style=\"font-size: 12pt;\"><strong>September 2022 \u2013 Er\u00f6ffnung des GeoPfades Steltenberg -<\/strong><\/span><\/p>\n<p>&nbsp;<\/p>\n<p><span style=\"font-size: 12pt;\">Nach einer rd. einj\u00e4hrigen Planungsphase wurde am 14.09.2022 der GeoPfad Steltenberg er\u00f6ffnet.<\/span><\/p>\n<p><span style=\"font-size: 12pt;\">Der GeoPfad Steltenberg l\u00e4dt ein zu einer spannenden und interessanten Wanderung am Steltenberg und Auf dem Ahm.<\/span><\/p>\n<p><span style=\"font-size: 12pt;\">Auf einem abwechslungsreichen Rundweg warten umfangreiche Informationen zu den Themen Geologie, Mineralien und Fossilien, Schutz von Biotopen und vieles mehr auf Sie.<\/span><\/p>\n<p><span style=\"font-size: 12pt;\">Erhalten Sie zudem Einblicke in die Frage \u201eRohstoffabbau und Naturerlebnis \u2013passt das zusammen ?\u201c<\/span><\/p>\n<p><span style=\"font-size: 12pt;\">Wir w\u00fcnschen Ihnen eine sch\u00f6ne und erlebnisreiche Wanderung !<\/span><\/p>\n<p>&nbsp;<\/p>\n<p><span style=\"font-size: 12pt;\"><a href=\"https:\/\/www.hkw-kalkstein.de\/wp-content\/downloads\/flyer_geopfad.pdf\" target=\"_blank\" rel=\"noopener noreferrer\">Flyer mit Wegbeschreibung zum Download<\/a><\/span><\/p>\n<hr \/>\n<p><span style=\"font-size: 12pt;\">100 Jahre Verein f\u00fcr Orts- und Heimatkunde Hohenlimburg e.V. - HKW gratuliert<\/span><\/p>\n<p><span style=\"font-size: 12pt;\"><a href=\"https:\/\/www.hkw-kalkstein.de\/wp-content\/uploads\/201020100.jpg\" target=\"_blank\" rel=\"noopener\" data-rel=\"lightbox-image-0\" data-rl_title=\"\" data-rl_caption=\"\" title=\"\"><img loading=\"lazy\" decoding=\"async\" class=\"alignnone wp-image-1195\" src=\"http:\/\/h2993000.stratoserver.net\/wp02\/wp-content\/uploads\/201020100-212x300.jpg\" alt=\"\" width=\"354\" height=\"500\" srcset=\"https:\/\/www.hkw-kalkstein.de\/wp-content\/uploads\/201020100-212x300.jpg 212w, https:\/\/www.hkw-kalkstein.de\/wp-content\/uploads\/201020100.jpg 707w\" sizes=\"auto, (max-width: 354px) 100vw, 354px\" \/><\/a><\/span><\/p>\n<hr \/>\n<p><span style=\"font-size: 12pt;\">Rohstoff_Camp 2019<\/span><\/p>\n<p><span style=\"font-size: 12pt;\">29.-30.03.2019<\/span><\/p>\n<p><span style=\"font-size: 12pt;\"><a href=\"https:\/\/www.hkw-kalkstein.de\/wp-content\/downloads\/Rohstoff-Camp.pdf\" target=\"_blank\" rel=\"noopener\"><img loading=\"lazy\" decoding=\"async\" class=\"alignnone wp-image-1192 size-medium\" src=\"https:\/\/www.hkw-kalkstein.de\/wp-content\/uploads\/Rohstoff-Camp-300x300.jpg\" alt=\"\" width=\"300\" height=\"300\" srcset=\"https:\/\/www.hkw-kalkstein.de\/wp-content\/uploads\/Rohstoff-Camp-300x300.jpg 300w, https:\/\/www.hkw-kalkstein.de\/wp-content\/uploads\/Rohstoff-Camp-1024x1019.jpg 1024w, https:\/\/www.hkw-kalkstein.de\/wp-content\/uploads\/Rohstoff-Camp-150x150.jpg 150w, https:\/\/www.hkw-kalkstein.de\/wp-content\/uploads\/Rohstoff-Camp-768x765.jpg 768w, https:\/\/www.hkw-kalkstein.de\/wp-content\/uploads\/Rohstoff-Camp-375x375.jpg 375w, https:\/\/www.hkw-kalkstein.de\/wp-content\/uploads\/Rohstoff-Camp.jpg 1105w\" sizes=\"auto, (max-width: 300px) 100vw, 300px\" \/><\/a><\/span><\/p>\n<p>&nbsp;<\/p>\n<\/div>\n<\/div><\/div><\/div><div id=\"pgc-1272-1-1\"  class=\"panel-grid-cell\" ><div id=\"panel-1272-1-1-0\" class=\"so-panel widget widget_media_image panel-first-child\" data-index=\"3\" ><div class=\"panel-widget-style panel-widget-style-for-1272-1-1-0\" ><img loading=\"lazy\" decoding=\"async\" width=\"300\" height=\"150\" src=\"https:\/\/www.hkw-kalkstein.de\/wp-content\/uploads\/logo_beton_24-300x150.jpg\" class=\"image wp-image-1255  attachment-medium size-medium\" alt=\"\" style=\"max-width: 100%; height: auto;\" srcset=\"https:\/\/www.hkw-kalkstein.de\/wp-content\/uploads\/logo_beton_24-300x150.jpg 300w, https:\/\/www.hkw-kalkstein.de\/wp-content\/uploads\/logo_beton_24-768x384.jpg 768w, https:\/\/www.hkw-kalkstein.de\/wp-content\/uploads\/logo_beton_24-960x480.jpg 960w, https:\/\/www.hkw-kalkstein.de\/wp-content\/uploads\/logo_beton_24.jpg 1000w\" sizes=\"auto, (max-width: 300px) 100vw, 300px\" \/><\/div><\/div><div id=\"panel-1272-1-1-1\" class=\"so-panel widget widget_sow-editor panel-last-child\" data-index=\"4\" ><div\n\t\t\t\n\t\t\tclass=\"so-widget-sow-editor so-widget-sow-editor-base\"\n\t\t\t\n\t\t>\n<div class=\"siteorigin-widget-tinymce textwidget\">\n\t<div class=\"page-header\">\n<p><strong>Januar 2023<\/strong><\/p>\n<p>Die neue Preisliste f\u00fcr Transportbeton, g\u00fcltig ab dem 01.01.2023 bekommen Sie hier... Hier k\u00f6nnen Sie unsere Preisliste im Acrobat PDF-Format herunterladen:<\/p>\n<p><a title=\"HKW - Preisliste\" href=\"https:\/\/www.hkw-kalkstein.de\/?page_id=1118\" target=\"_blank\" rel=\"noopener noreferrer\">Preisliste<\/a> Transportbeton<\/p>\n<hr \/>\n<p><strong>September 2021<\/strong><\/p>\n<p>Aufgrund der stark gestiegenen Preise f\u00fcr CO2-Zertifikate sehen wir uns veranlasst, ab dem 01.09.2021 eine CO2-Zulage in H\u00f6he von 1,80 \u20ac\/cbm zuz\u00fcgl. MwSt. zu erheben.<\/p>\n<p>Wir hoffen auf Ihr Verst\u00e4ndnis.<\/p>\n<hr \/>\n<p>&nbsp;<\/p>\n<p><strong>M\u00e4rz 2020<\/strong><\/p>\n<p>Wir haben unser Leistungsverzeichnis um einen FDE Beton erweitert. Preis auf Anfrage.<\/p>\n<p>&nbsp;<\/p>\n<\/div>\n<\/div>\n<\/div><\/div><\/div><div id=\"pgc-1272-1-2\"  class=\"panel-grid-cell\" ><div id=\"panel-1272-1-2-0\" class=\"so-panel widget widget_media_image panel-first-child\" data-index=\"5\" ><div class=\"panel-widget-style panel-widget-style-for-1272-1-2-0\" ><img loading=\"lazy\" decoding=\"async\" width=\"300\" height=\"150\" src=\"https:\/\/www.hkw-kalkstein.de\/wp-content\/uploads\/logo_asphalt_24-300x150.jpg\" class=\"image wp-image-1253  attachment-medium size-medium\" alt=\"\" style=\"max-width: 100%; height: auto;\" srcset=\"https:\/\/www.hkw-kalkstein.de\/wp-content\/uploads\/logo_asphalt_24-300x150.jpg 300w, https:\/\/www.hkw-kalkstein.de\/wp-content\/uploads\/logo_asphalt_24-768x384.jpg 768w, https:\/\/www.hkw-kalkstein.de\/wp-content\/uploads\/logo_asphalt_24-960x480.jpg 960w, https:\/\/www.hkw-kalkstein.de\/wp-content\/uploads\/logo_asphalt_24.jpg 1000w\" sizes=\"auto, (max-width: 300px) 100vw, 300px\" \/><\/div><\/div><div id=\"panel-1272-1-2-1\" class=\"so-panel widget widget_sow-editor panel-last-child\" data-index=\"6\" ><div\n\t\t\t\n\t\t\tclass=\"so-widget-sow-editor so-widget-sow-editor-base\"\n\t\t\t\n\t\t>\n<div class=\"siteorigin-widget-tinymce textwidget\">\n\t<p><strong>Aktuell 10\/2024 Zertifizierung nach DIN EN ISO 50001<\/strong><br \/>\nOktober 2024<\/p>\n<p><a href=\"http:\/\/h2993000.stratoserver.net\/wp02\/?attachment_id=1453#main\" target=\"_blank\" rel=\"noopener\"><img loading=\"lazy\" decoding=\"async\" class=\"alignnone wp-image-1453 size-thumbnail\" src=\"http:\/\/h2993000.stratoserver.net\/wp02\/wp-content\/uploads\/50001-150x150.jpg\" alt=\"\" width=\"150\" height=\"150\" srcset=\"https:\/\/www.hkw-kalkstein.de\/wp-content\/uploads\/50001-150x150.jpg 150w, https:\/\/www.hkw-kalkstein.de\/wp-content\/uploads\/50001-300x300.jpg 300w, https:\/\/www.hkw-kalkstein.de\/wp-content\/uploads\/50001-375x375.jpg 375w, https:\/\/www.hkw-kalkstein.de\/wp-content\/uploads\/50001.jpg 718w\" sizes=\"auto, (max-width: 150px) 100vw, 150px\" \/><\/a><\/p>\n<hr \/>\n<p><strong>Juni 2017<\/strong><\/p>\n<p>Wir m\u00f6chten an dieser Stelle aus gegebenem Anlass darauf hinweisen, dass Barverk\u00e4ufe erst ab einer Mindestabnahmemenge von 2,00 Tonnen abgewickelt werden.<\/p>\n<p>&nbsp;<\/p>\n<\/div>\n<\/div><\/div><\/div><\/div><\/div><\/div>","protected":false},"excerpt":{"rendered":"<p>November-Dezember 2024 Bau und Inbetriebnahme der neuen Vorbrechanlage Typ Metso Nordberg C160&nbsp; (Backenbrecher). Unser Dank f\u00fcr die erfolgreiche Projektabwicklung gilt unseren Projektpartnern Gerwin Silotechnik GmbH, Beckum Metso Germany GmbH, D\u00fcsseldorf Haver &amp; Boecker Niagara, M\u00fcnster Elektro Brieden GmbH, Iserlohn sowie unserem HKW-Team der Abteilung Industriemechanik. September 2022 \u2013 Er\u00f6ffnung des GeoPfades Steltenberg &#8211; &nbsp; Nach [&hellip;]<\/p>\n","protected":false},"author":1,"featured_media":0,"parent":0,"menu_order":0,"comment_status":"closed","ping_status":"closed","template":"","meta":{"ngg_post_thumbnail":0,"footnotes":""},"class_list":["post-1272","page","type-page","status-publish","hentry","post"],"_links":{"self":[{"href":"https:\/\/www.hkw-kalkstein.de\/index.php?rest_route=\/wp\/v2\/pages\/1272","targetHints":{"allow":["GET"]}}],"collection":[{"href":"https:\/\/www.hkw-kalkstein.de\/index.php?rest_route=\/wp\/v2\/pages"}],"about":[{"href":"https:\/\/www.hkw-kalkstein.de\/index.php?rest_route=\/wp\/v2\/types\/page"}],"author":[{"embeddable":true,"href":"https:\/\/www.hkw-kalkstein.de\/index.php?rest_route=\/wp\/v2\/users\/1"}],"replies":[{"embeddable":true,"href":"https:\/\/www.hkw-kalkstein.de\/index.php?rest_route=%2Fwp%2Fv2%2Fcomments&post=1272"}],"version-history":[{"count":26,"href":"https:\/\/www.hkw-kalkstein.de\/index.php?rest_route=\/wp\/v2\/pages\/1272\/revisions"}],"predecessor-version":[{"id":1618,"href":"https:\/\/www.hkw-kalkstein.de\/index.php?rest_route=\/wp\/v2\/pages\/1272\/revisions\/1618"}],"wp:attachment":[{"href":"https:\/\/www.hkw-kalkstein.de\/index.php?rest_route=%2Fwp%2Fv2%2Fmedia&parent=1272"}],"curies":[{"name":"wp","href":"https:\/\/api.w.org\/{rel}","templated":true}]}}