{"id":1148,"date":"2024-06-18T13:50:16","date_gmt":"2024-06-18T11:50:16","guid":{"rendered":"http:\/\/h2993000.stratoserver.net\/wp02\/?page_id=1148"},"modified":"2025-01-07T11:25:36","modified_gmt":"2025-01-07T10:25:36","slug":"hkw-asphalt","status":"publish","type":"page","link":"https:\/\/www.hkw-kalkstein.de\/?page_id=1148","title":{"rendered":"HKW-Asphalt GmbH"},"content":{"rendered":"<div id=\"pl-1148\"  class=\"panel-layout\" ><div id=\"pg-1148-0\"  class=\"panel-grid panel-has-style\" ><div class=\"siteorigin-panels-stretch panel-row-style panel-row-style-for-1148-0\" data-stretch-type=\"full-width-stretch\" ><div id=\"pgc-1148-0-0\"  class=\"panel-grid-cell\" ><div id=\"panel-1148-0-0-0\" class=\"so-panel widget widget_sow-hero panel-first-child panel-last-child\" data-index=\"0\" ><div\n\t\t\t\n\t\t\tclass=\"so-widget-sow-hero so-widget-sow-hero-default-72faba8095db-1148 so-widget-fittext-wrapper\"\n\t\t\t data-fit-text-compressor=\"0.85\"\n\t\t>\t\t\t\t<div class=\"sow-slider-base\" style=\"display: none\" tabindex=\"0\">\n\t\t\t\t\t<ul\n\t\t\t\t\tclass=\"sow-slider-images\"\n\t\t\t\t\tdata-settings=\"{&quot;pagination&quot;:true,&quot;speed&quot;:800,&quot;timeout&quot;:2000,&quot;paused&quot;:false,&quot;pause_on_hover&quot;:false,&quot;swipe&quot;:&quot;&quot;,&quot;nav_always_show_desktop&quot;:true,&quot;nav_always_show_mobile&quot;:true,&quot;breakpoint&quot;:&quot;780px&quot;,&quot;unmute&quot;:false,&quot;anchor&quot;:null}\"\n\t\t\t\t\tstyle=\"min-height: 450px\"\t\t\t\t\tdata-anchor-id=\"\"\n\t\t\t\t>\t\t<li class=\"sow-slider-image\" style=\"visibility: visible;;background-color: #333333\" >\n\t\t\t\t\t<div class=\"sow-slider-image-container\">\n\t\t\t<div class=\"sow-slider-image-wrapper\">\n\t\t\t\t\t\t\t<\/div>\n\t\t<\/div>\n\t\t<video class=\"sow-background-element sow-mobile-video_enabled\" autoplay loop style=\"opacity: 0.81\" muted playsinline><source src=\"https:\/\/www.hkw-kalkstein.de\/wp-content\/uploads\/header_asphalt.mp4\" type=\"video\/mp4\"><\/video>\t\t<\/li>\n\t\t<\/ul>\t\t\t\t<ol class=\"sow-slider-pagination\">\n\t\t\t\t\t\t\t\t\t\t\t<li><a href=\"#\" data-goto=\"0\" aria-label=\"Display slide 1\"><\/a><\/li>\n\t\t\t\t\t\t\t\t\t<\/ol>\n\n\t\t\t\t<div class=\"sow-slide-nav sow-slide-nav-next\">\n\t\t\t\t\t<a href=\"#\" data-goto=\"next\" aria-label=\"Next slide\" data-action=\"next\">\n\t\t\t\t\t\t<em class=\"sow-sld-icon-medium-right\"><\/em>\n\t\t\t\t\t<\/a>\n\t\t\t\t<\/div>\n\n\t\t\t\t<div class=\"sow-slide-nav sow-slide-nav-prev\">\n\t\t\t\t\t<a href=\"#\" data-goto=\"previous\" aria-label=\"Previous slide\" data-action=\"prev\">\n\t\t\t\t\t\t<em class=\"sow-sld-icon-medium-left\"><\/em>\n\t\t\t\t\t<\/a>\n\t\t\t\t<\/div>\n\t\t\t\t<\/div><\/div><\/div><\/div><\/div><\/div><div id=\"pg-1148-1\"  class=\"panel-grid panel-has-style\" ><div class=\"siteorigin-panels-stretch panel-row-style panel-row-style-for-1148-1\" data-stretch-type=\"full-width-stretch\" ><div id=\"pgc-1148-1-0\"  class=\"panel-grid-cell\" ><div id=\"panel-1148-1-0-0\" class=\"so-panel widget widget_media_image panel-first-child panel-last-child\" data-index=\"1\" ><div class=\"panel-widget-style panel-widget-style-for-1148-1-0-0\" ><img loading=\"lazy\" decoding=\"async\" width=\"2560\" height=\"1440\" src=\"https:\/\/www.hkw-kalkstein.de\/wp-content\/uploads\/AMW-2022-scaled.jpg\" class=\"image wp-image-1139  attachment-full size-full\" alt=\"\" style=\"max-width: 100%; height: auto;\" srcset=\"https:\/\/www.hkw-kalkstein.de\/wp-content\/uploads\/AMW-2022-scaled.jpg 2560w, https:\/\/www.hkw-kalkstein.de\/wp-content\/uploads\/AMW-2022-300x169.jpg 300w, https:\/\/www.hkw-kalkstein.de\/wp-content\/uploads\/AMW-2022-1024x576.jpg 1024w, https:\/\/www.hkw-kalkstein.de\/wp-content\/uploads\/AMW-2022-768x432.jpg 768w, https:\/\/www.hkw-kalkstein.de\/wp-content\/uploads\/AMW-2022-1536x864.jpg 1536w, https:\/\/www.hkw-kalkstein.de\/wp-content\/uploads\/AMW-2022-2048x1152.jpg 2048w\" sizes=\"auto, (max-width: 2560px) 100vw, 2560px\" \/><\/div><\/div><\/div><div id=\"pgc-1148-1-1\"  class=\"panel-grid-cell\" ><div id=\"panel-1148-1-1-0\" class=\"so-panel widget widget_headline-widget panel-first-child\" data-index=\"2\" ><div class=\"panel-widget-style panel-widget-style-for-1148-1-1-0\" >\t\t<h1><strong>HKW-Asphalt GmbH<\/strong><\/h1>\n\t\t<div class=\"decoration\"><div class=\"decoration-inside\"><\/div><\/div>\n\t\t<h3><\/h3>\n\t\t<\/div><\/div><div id=\"panel-1148-1-1-1\" class=\"so-panel widget widget_sow-editor panel-last-child\" data-index=\"3\" ><div\n\t\t\t\n\t\t\tclass=\"so-widget-sow-editor so-widget-sow-editor-base\"\n\t\t\t\n\t\t><h3 class=\"widget-title\">Wir \u00fcber uns<\/h3>\n<div class=\"siteorigin-widget-tinymce textwidget\">\n\t<p>Seit \u00fcber 60 Jahren werden an unserem Standort in Hohenlimburg-Oege bitumin\u00f6s gebundene Stra\u00dfenbaustoffe hergestellt. HKW-Asphalt verf\u00fcgt \u00fcber ein modernes Asphaltmischwerk, das hohe Anforderungen an die Mischtechnik und an die Umweltvertr\u00e4glichkeit erf\u00fcllt.<\/p>\n<hr \/>\n<p>Hergestellt werden alle Sorten von Walzasphalt und Auftragsmischungen nach Kundenwunsch. Zur Verarbeitung gelangt sowohl der im Steinbruch der Hohenlimburger Kalkwerke gewonnene Kalkstein, als auch weitere mineralische Rohstoffe aus der Region.<\/p>\n<hr \/>\n<p>Durch die verkehrsg\u00fcnstige Lage und durch die Unterst\u00fctzung unserer Logistikpartner werden die Baustellen unserer Kunden zuverl\u00e4ssig und wirtschaftlich beliefert. Selbstabholungen auch von Kleinmengen sind m\u00f6glich.<\/p>\n<hr \/>\n<p>Zum Leistungsangebot von HKW-Asphalt geh\u00f6ren weiterhin die Annahme von teerfreiem Strassenaufbruch, Service-Produkte f\u00fcr den Asphalteinbau sowie ein breites Spektrum von Laborleistungen. Gerne beraten wir Sie fachkundig bei Ihren baustellenspezifischen Aufgabenstellungen.<\/p>\n<hr \/>\n<p>Bitten entnehmen Sie weitere Informationen unserem <a href=\"https:\/\/www.hkw-kalkstein.de\/?page_id=1118\">Leistungsverzeichnis<\/a>.<\/p>\n<\/div>\n<\/div><\/div><\/div><\/div><\/div><div id=\"pg-1148-2\"  class=\"panel-grid panel-has-style\" ><div class=\"siteorigin-panels-stretch panel-row-style panel-row-style-for-1148-2\" data-stretch-type=\"full-width-stretch\" ><div id=\"pgc-1148-2-0\"  class=\"panel-grid-cell panel-grid-cell-empty\" ><\/div><div id=\"pgc-1148-2-1\"  class=\"panel-grid-cell\" ><div id=\"panel-1148-2-1-0\" class=\"so-panel widget widget_media_image panel-first-child\" data-index=\"4\" ><div class=\"panel-widget-style panel-widget-style-for-1148-2-1-0\" ><img loading=\"lazy\" decoding=\"async\" width=\"300\" height=\"169\" src=\"https:\/\/www.hkw-kalkstein.de\/wp-content\/uploads\/logo_asphalt-300x169-1.png\" class=\"image wp-image-929  attachment-full size-full\" alt=\"\" style=\"max-width: 100%; height: auto;\" \/><\/div><\/div><div id=\"panel-1148-2-1-1\" class=\"so-panel widget widget_sow-editor panel-last-child\" data-index=\"5\" ><div\n\t\t\t\n\t\t\tclass=\"so-widget-sow-editor so-widget-sow-editor-base\"\n\t\t\t\n\t\t><h3 class=\"widget-title\">HKW-Asphalt GmbH<\/h3>\n<div class=\"siteorigin-widget-tinymce textwidget\">\n\t<p><strong><span style=\"font-size: 18pt;\">Oeger Stra\u00dfe 39<\/span><\/strong><br \/>\n<strong><span style=\"font-size: 18pt;\">58119 Hagen<\/span><\/strong><\/p>\n<\/div>\n<\/div><\/div><\/div><div id=\"pgc-1148-2-2\"  class=\"panel-grid-cell panel-grid-cell-empty\" ><\/div><div id=\"pgc-1148-2-3\"  class=\"panel-grid-cell\" ><div id=\"panel-1148-2-3-0\" class=\"so-panel widget widget_sow-editor panel-first-child panel-last-child\" data-index=\"6\" ><div\n\t\t\t\n\t\t\tclass=\"so-widget-sow-editor so-widget-sow-editor-base\"\n\t\t\t\n\t\t><h3 class=\"widget-title\">Ansprechpartner<\/h3>\n<div class=\"siteorigin-widget-tinymce textwidget\">\n\t<hr \/>\n<table style=\"width: 100%; border-collapse: collapse;\" border=\"1\">\n<tbody>\n<tr>\n<td style=\"width: 50%;\"><strong>Gesch\u00e4ftsleitung<\/strong><br \/>\nDr.-Ing. Christian Lange<br \/>\nDr. Matthias A. Lange<br \/>\nTel.:&nbsp; 02334\/50 20 \u2013 0<\/p>\n<p><strong>Vertrieb und Qualit\u00e4tswesen<\/strong><br \/>\nStephan Ke\u00dfel<br \/>\nTel.:&nbsp; 02334\/50 20 \u2013 11<br \/>\nmobil:&nbsp; 0170\/80 42 47 3<br \/>\nFax:&nbsp; 02334\/50 20 \u2013 20<br \/>\n<span id=\"cloak3b3dbd0554c513451af1245a5f9e5841\"><a href=\"mailto:kessel@hkw-asphalt.de\">kessel@hkw-asphalt.de<\/a><\/span><\/p>\n<\/td>\n<td style=\"width: 50%;\"><strong>Betriebsleitung und Logistik<\/strong><br \/>\nMartin Suchy<br \/>\nTel.:&nbsp; 02334\/50 20 \u2013 12<br \/>\nmobil:&nbsp; 0170\/28 90 96 4<br \/>\nFax:&nbsp; 02334\/50 20 \u2013 20<br \/>\n<span id=\"cloak16ef62fe367b18184ed8530bda01ee31\"><a href=\"mailto:martin.suchy@hkw-asphalt.de\">martin.suchy@hkw-asphalt.de<\/a><\/span><\/p>\n<p><strong>Disposition<\/strong><br \/>\nTel.:&nbsp; 02334\/50 20 \u2013 10<br \/>\n<span id=\"cloak6e85296352b8f3bb20ae9e41c43b9caf\"><a href=\"mailto:waage@hkw-asphalt.de\">waage@hkw-asphalt.de<\/a><\/span><\/p>\n<\/td>\n<\/tr>\n<\/tbody>\n<\/table>\n<p>&nbsp;<\/p>\n<p>&nbsp;<\/p>\n<p>&nbsp;<\/p>\n<\/div>\n<\/div><\/div><\/div><div id=\"pgc-1148-2-4\"  class=\"panel-grid-cell\" ><div id=\"panel-1148-2-4-0\" class=\"so-panel widget widget_media_image panel-first-child panel-last-child\" data-index=\"7\" ><div class=\"panel-widget-style panel-widget-style-for-1148-2-4-0\" ><img loading=\"lazy\" decoding=\"async\" width=\"1920\" height=\"1440\" src=\"https:\/\/www.hkw-kalkstein.de\/wp-content\/uploads\/asphalt_1.jpg\" class=\"image wp-image-1381  attachment-full size-full\" alt=\"\" style=\"max-width: 100%; height: auto;\" srcset=\"https:\/\/www.hkw-kalkstein.de\/wp-content\/uploads\/asphalt_1.jpg 1920w, https:\/\/www.hkw-kalkstein.de\/wp-content\/uploads\/asphalt_1-300x225.jpg 300w, https:\/\/www.hkw-kalkstein.de\/wp-content\/uploads\/asphalt_1-1024x768.jpg 1024w, https:\/\/www.hkw-kalkstein.de\/wp-content\/uploads\/asphalt_1-768x576.jpg 768w, https:\/\/www.hkw-kalkstein.de\/wp-content\/uploads\/asphalt_1-1536x1152.jpg 1536w\" sizes=\"auto, (max-width: 1920px) 100vw, 1920px\" \/><\/div><\/div><\/div><\/div><\/div><div id=\"pg-1148-3\"  class=\"panel-grid panel-has-style\" ><div class=\"siteorigin-panels-stretch panel-row-style panel-row-style-for-1148-3\" data-stretch-type=\"full-width-stretch\" ><div id=\"pgc-1148-3-0\"  class=\"panel-grid-cell\" ><div id=\"panel-1148-3-0-0\" class=\"so-panel widget widget_sow-slider panel-first-child panel-last-child\" data-index=\"8\" ><div class=\"panel-widget-style panel-widget-style-for-1148-3-0-0\" ><div\n\t\t\t\n\t\t\tclass=\"so-widget-sow-slider so-widget-sow-slider-default-6d39609536fd-1148\"\n\t\t\t\n\t\t>\t\t\t\t<div class=\"sow-slider-base\" style=\"display: none\" tabindex=\"0\">\n\t\t\t\t\t<ul\n\t\t\t\t\tclass=\"sow-slider-images\"\n\t\t\t\t\tdata-settings=\"{&quot;pagination&quot;:true,&quot;speed&quot;:400,&quot;timeout&quot;:4000,&quot;paused&quot;:false,&quot;pause_on_hover&quot;:false,&quot;swipe&quot;:true,&quot;nav_always_show_desktop&quot;:&quot;&quot;,&quot;nav_always_show_mobile&quot;:&quot;&quot;,&quot;breakpoint&quot;:&quot;780px&quot;,&quot;unmute&quot;:false,&quot;anchor&quot;:null}\"\n\t\t\t\t\t\t\t\t\t\tdata-anchor-id=\"\"\n\t\t\t\t>\t\t<li class=\"sow-slider-image\" style=\"visibility: visible;\" >\n\t\t\t\t\t\t<div class=\"sow-slider-image-container\">\n\t\t\t\t<div class=\"sow-slider-image-wrapper\" style=\"max-width: 1920px\">\n\t\t\t\t\t\t\t\t\t\t<div class=\"sow-slider-image-foreground-wrapper\">\n\t\t\t\t\t\t<img loading=\"lazy\" decoding=\"async\" width=\"1920\" height=\"400\" src=\"https:\/\/www.hkw-kalkstein.de\/wp-content\/uploads\/hkw1.jpg\" class=\"sow-slider-foreground-image\" alt=\"\" style=\"\" srcset=\"https:\/\/www.hkw-kalkstein.de\/wp-content\/uploads\/hkw1.jpg 1920w, https:\/\/www.hkw-kalkstein.de\/wp-content\/uploads\/hkw1-300x63.jpg 300w, https:\/\/www.hkw-kalkstein.de\/wp-content\/uploads\/hkw1-1024x213.jpg 1024w, https:\/\/www.hkw-kalkstein.de\/wp-content\/uploads\/hkw1-768x160.jpg 768w, https:\/\/www.hkw-kalkstein.de\/wp-content\/uploads\/hkw1-1536x320.jpg 1536w\" sizes=\"auto, (max-width: 1920px) 100vw, 1920px\" \/>\t\t\t\t\t<\/div>\n\t\t\t\t\t\t\t\t\t<\/div>\n\t\t\t<\/div>\n\t\t\t\t\t<\/li>\n\t\t\t\t<li class=\"sow-slider-image\" style=\"visibility: hidden;\" >\n\t\t\t\t\t\t<div class=\"sow-slider-image-container\">\n\t\t\t\t<div class=\"sow-slider-image-wrapper\" style=\"max-width: 1920px\">\n\t\t\t\t\t\t\t\t\t\t<div class=\"sow-slider-image-foreground-wrapper\">\n\t\t\t\t\t\t<img loading=\"lazy\" decoding=\"async\" width=\"1920\" height=\"400\" src=\"https:\/\/www.hkw-kalkstein.de\/wp-content\/uploads\/hkw6.jpg\" class=\"sow-slider-foreground-image\" alt=\"\" style=\"\" srcset=\"https:\/\/www.hkw-kalkstein.de\/wp-content\/uploads\/hkw6.jpg 1920w, https:\/\/www.hkw-kalkstein.de\/wp-content\/uploads\/hkw6-300x63.jpg 300w, https:\/\/www.hkw-kalkstein.de\/wp-content\/uploads\/hkw6-1024x213.jpg 1024w, https:\/\/www.hkw-kalkstein.de\/wp-content\/uploads\/hkw6-768x160.jpg 768w, https:\/\/www.hkw-kalkstein.de\/wp-content\/uploads\/hkw6-1536x320.jpg 1536w\" sizes=\"auto, (max-width: 1920px) 100vw, 1920px\" \/>\t\t\t\t\t<\/div>\n\t\t\t\t\t\t\t\t\t<\/div>\n\t\t\t<\/div>\n\t\t\t\t\t<\/li>\n\t\t\t\t<li class=\"sow-slider-image\" style=\"visibility: hidden;\" >\n\t\t\t\t\t\t<div class=\"sow-slider-image-container\">\n\t\t\t\t<div class=\"sow-slider-image-wrapper\" style=\"max-width: 1920px\">\n\t\t\t\t\t\t\t\t\t\t<div class=\"sow-slider-image-foreground-wrapper\">\n\t\t\t\t\t\t<img loading=\"lazy\" decoding=\"async\" width=\"1920\" height=\"400\" src=\"https:\/\/www.hkw-kalkstein.de\/wp-content\/uploads\/hkw2.jpg\" class=\"sow-slider-foreground-image\" alt=\"\" style=\"\" srcset=\"https:\/\/www.hkw-kalkstein.de\/wp-content\/uploads\/hkw2.jpg 1920w, https:\/\/www.hkw-kalkstein.de\/wp-content\/uploads\/hkw2-300x63.jpg 300w, https:\/\/www.hkw-kalkstein.de\/wp-content\/uploads\/hkw2-1024x213.jpg 1024w, https:\/\/www.hkw-kalkstein.de\/wp-content\/uploads\/hkw2-768x160.jpg 768w, https:\/\/www.hkw-kalkstein.de\/wp-content\/uploads\/hkw2-1536x320.jpg 1536w\" sizes=\"auto, (max-width: 1920px) 100vw, 1920px\" \/>\t\t\t\t\t<\/div>\n\t\t\t\t\t\t\t\t\t<\/div>\n\t\t\t<\/div>\n\t\t\t\t\t<\/li>\n\t\t\t\t<li class=\"sow-slider-image\" style=\"visibility: hidden;\" >\n\t\t\t\t\t\t<div class=\"sow-slider-image-container\">\n\t\t\t\t<div class=\"sow-slider-image-wrapper\" style=\"max-width: 1920px\">\n\t\t\t\t\t\t\t\t\t\t<div class=\"sow-slider-image-foreground-wrapper\">\n\t\t\t\t\t\t<img loading=\"lazy\" decoding=\"async\" width=\"1920\" height=\"400\" src=\"https:\/\/www.hkw-kalkstein.de\/wp-content\/uploads\/00008.jpg\" class=\"sow-slider-foreground-image\" alt=\"\" style=\"\" srcset=\"https:\/\/www.hkw-kalkstein.de\/wp-content\/uploads\/00008.jpg 1920w, https:\/\/www.hkw-kalkstein.de\/wp-content\/uploads\/00008-300x63.jpg 300w, https:\/\/www.hkw-kalkstein.de\/wp-content\/uploads\/00008-1024x213.jpg 1024w, https:\/\/www.hkw-kalkstein.de\/wp-content\/uploads\/00008-768x160.jpg 768w, https:\/\/www.hkw-kalkstein.de\/wp-content\/uploads\/00008-1536x320.jpg 1536w\" sizes=\"auto, (max-width: 1920px) 100vw, 1920px\" \/>\t\t\t\t\t<\/div>\n\t\t\t\t\t\t\t\t\t<\/div>\n\t\t\t<\/div>\n\t\t\t\t\t<\/li>\n\t\t\t\t<li class=\"sow-slider-image\" style=\"visibility: hidden;\" >\n\t\t\t\t\t\t<div class=\"sow-slider-image-container\">\n\t\t\t\t<div class=\"sow-slider-image-wrapper\" style=\"max-width: 1920px\">\n\t\t\t\t\t\t\t\t\t\t<div class=\"sow-slider-image-foreground-wrapper\">\n\t\t\t\t\t\t<img loading=\"lazy\" decoding=\"async\" width=\"1920\" height=\"400\" src=\"https:\/\/www.hkw-kalkstein.de\/wp-content\/uploads\/00001.jpg\" class=\"sow-slider-foreground-image\" alt=\"\" style=\"\" srcset=\"https:\/\/www.hkw-kalkstein.de\/wp-content\/uploads\/00001.jpg 1920w, https:\/\/www.hkw-kalkstein.de\/wp-content\/uploads\/00001-300x63.jpg 300w, https:\/\/www.hkw-kalkstein.de\/wp-content\/uploads\/00001-1024x213.jpg 1024w, https:\/\/www.hkw-kalkstein.de\/wp-content\/uploads\/00001-768x160.jpg 768w, https:\/\/www.hkw-kalkstein.de\/wp-content\/uploads\/00001-1536x320.jpg 1536w\" sizes=\"auto, (max-width: 1920px) 100vw, 1920px\" \/>\t\t\t\t\t<\/div>\n\t\t\t\t\t\t\t\t\t<\/div>\n\t\t\t<\/div>\n\t\t\t\t\t<\/li>\n\t\t<\/ul>\t\t\t\t<ol class=\"sow-slider-pagination\">\n\t\t\t\t\t\t\t\t\t\t\t<li><a href=\"#\" data-goto=\"0\" aria-label=\"Display slide 1\"><\/a><\/li>\n\t\t\t\t\t\t\t\t\t\t\t<li><a href=\"#\" data-goto=\"1\" aria-label=\"Display slide 2\"><\/a><\/li>\n\t\t\t\t\t\t\t\t\t\t\t<li><a href=\"#\" data-goto=\"2\" aria-label=\"Display slide 3\"><\/a><\/li>\n\t\t\t\t\t\t\t\t\t\t\t<li><a href=\"#\" data-goto=\"3\" aria-label=\"Display slide 4\"><\/a><\/li>\n\t\t\t\t\t\t\t\t\t\t\t<li><a href=\"#\" data-goto=\"4\" aria-label=\"Display slide 5\"><\/a><\/li>\n\t\t\t\t\t\t\t\t\t<\/ol>\n\n\t\t\t\t<div class=\"sow-slide-nav sow-slide-nav-next\">\n\t\t\t\t\t<a href=\"#\" data-goto=\"next\" aria-label=\"Next slide\" data-action=\"next\">\n\t\t\t\t\t\t<em class=\"sow-sld-icon-thin-right\"><\/em>\n\t\t\t\t\t<\/a>\n\t\t\t\t<\/div>\n\n\t\t\t\t<div class=\"sow-slide-nav sow-slide-nav-prev\">\n\t\t\t\t\t<a href=\"#\" data-goto=\"previous\" aria-label=\"Previous slide\" data-action=\"prev\">\n\t\t\t\t\t\t<em class=\"sow-sld-icon-thin-left\"><\/em>\n\t\t\t\t\t<\/a>\n\t\t\t\t<\/div>\n\t\t\t\t<\/div><\/div><\/div><\/div><\/div><\/div><\/div><\/div>","protected":false},"excerpt":{"rendered":"<p>Seit \u00fcber 60 Jahren werden an unserem Standort in Hohenlimburg-Oege bitumin\u00f6s gebundene Stra\u00dfenbaustoffe hergestellt. HKW-Asphalt verf\u00fcgt \u00fcber ein modernes Asphaltmischwerk, das hohe Anforderungen an die Mischtechnik und an die Umweltvertr\u00e4glichkeit erf\u00fcllt. Hergestellt werden alle Sorten von Walzasphalt und Auftragsmischungen nach Kundenwunsch. Zur Verarbeitung gelangt sowohl der im Steinbruch der Hohenlimburger Kalkwerke gewonnene Kalkstein, als auch [&hellip;]<\/p>\n","protected":false},"author":1,"featured_media":0,"parent":0,"menu_order":0,"comment_status":"closed","ping_status":"closed","template":"home-panels.php","meta":{"ngg_post_thumbnail":0,"footnotes":""},"class_list":["post-1148","page","type-page","status-publish","hentry","post"],"_links":{"self":[{"href":"https:\/\/www.hkw-kalkstein.de\/index.php?rest_route=\/wp\/v2\/pages\/1148","targetHints":{"allow":["GET"]}}],"collection":[{"href":"https:\/\/www.hkw-kalkstein.de\/index.php?rest_route=\/wp\/v2\/pages"}],"about":[{"href":"https:\/\/www.hkw-kalkstein.de\/index.php?rest_route=\/wp\/v2\/types\/page"}],"author":[{"embeddable":true,"href":"https:\/\/www.hkw-kalkstein.de\/index.php?rest_route=\/wp\/v2\/users\/1"}],"replies":[{"embeddable":true,"href":"https:\/\/www.hkw-kalkstein.de\/index.php?rest_route=%2Fwp%2Fv2%2Fcomments&post=1148"}],"version-history":[{"count":33,"href":"https:\/\/www.hkw-kalkstein.de\/index.php?rest_route=\/wp\/v2\/pages\/1148\/revisions"}],"predecessor-version":[{"id":1562,"href":"https:\/\/www.hkw-kalkstein.de\/index.php?rest_route=\/wp\/v2\/pages\/1148\/revisions\/1562"}],"wp:attachment":[{"href":"https:\/\/www.hkw-kalkstein.de\/index.php?rest_route=%2Fwp%2Fv2%2Fmedia&parent=1148"}],"curies":[{"name":"wp","href":"https:\/\/api.w.org\/{rel}","templated":true}]}}